{"id":31,"date":"2024-01-22T15:16:23","date_gmt":"2024-01-22T21:16:23","guid":{"rendered":"https:\/\/cuisineadventuresfoods.com\/?page_id=31"},"modified":"2025-12-16T13:20:15","modified_gmt":"2025-12-16T18:20:15","slug":"contact","status":"publish","type":"page","link":"https:\/\/cuisineadventuresfoods.com\/fr-ca\/contact\/","title":{"rendered":"Contact"},"content":{"rendered":"\t\t<div data-elementor-type=\"wp-page\" data-elementor-id=\"31\" class=\"elementor elementor-31\" data-elementor-post-type=\"page\">\n\t\t\t\t<div data-particle_enable=\"false\" data-particle-mobile-disabled=\"false\" class=\"elementor-element elementor-element-6577d97 e-flex e-con-boxed e-con e-parent\" data-id=\"6577d97\" data-element_type=\"container\" data-e-type=\"container\" data-settings=\"{&quot;background_background&quot;:&quot;classic&quot;}\">\n\t\t\t\t\t<div class=\"e-con-inner\">\n\t\t\t\t<div class=\"elementor-element elementor-element-1630f5e elementor-widget elementor-widget-heading\" data-id=\"1630f5e\" data-element_type=\"widget\" data-e-type=\"widget\" data-widget_type=\"heading.default\">\n\t\t\t\t<div class=\"elementor-widget-container\">\n\t\t\t\t\t<h1 class=\"elementor-heading-title elementor-size-default\">Get In Touch<\/h1>\t\t\t\t<\/div>\n\t\t\t\t<\/div>\n\t\t\t\t\t<\/div>\n\t\t\t\t<\/div>\n\t\t<div data-particle_enable=\"false\" data-particle-mobile-disabled=\"false\" class=\"elementor-element elementor-element-f9e9e6a e-con-full e-flex e-con e-parent\" data-id=\"f9e9e6a\" data-element_type=\"container\" data-e-type=\"container\">\n\t\t\t\t<div class=\"elementor-element elementor-element-f528546 underline elementor-widget elementor-widget-heading\" data-id=\"f528546\" data-element_type=\"widget\" data-e-type=\"widget\" data-widget_type=\"heading.default\">\n\t\t\t\t<div class=\"elementor-widget-container\">\n\t\t\t\t\t<h2 class=\"elementor-heading-title elementor-size-default\"><span class=\"black\">Got Questions <\/span> Or Praise?<\/h2>\t\t\t\t<\/div>\n\t\t\t\t<\/div>\n\t\t\t\t<div class=\"elementor-element elementor-element-1c4a965 elementor-widget__width-initial text-link-green elementor-widget elementor-widget-text-editor\" data-id=\"1c4a965\" data-element_type=\"widget\" data-e-type=\"widget\" data-widget_type=\"text-editor.default\">\n\t\t\t\t<div class=\"elementor-widget-container\">\n\t\t\t\t\t\t\t\t\t<p>We&#8217;d love to hear from you.<br \/>Please fill out the form below.<\/p>\t\t\t\t\t\t\t\t<\/div>\n\t\t\t\t<\/div>\n\t\t\t\t<\/div>\n\t\t<div data-particle_enable=\"false\" data-particle-mobile-disabled=\"false\" class=\"elementor-element elementor-element-14c0ef6 e-flex e-con-boxed e-con e-parent\" data-id=\"14c0ef6\" data-element_type=\"container\" data-e-type=\"container\" data-settings=\"{&quot;background_background&quot;:&quot;classic&quot;}\">\n\t\t\t\t\t<div class=\"e-con-inner\">\n\t\t<div data-particle_enable=\"false\" data-particle-mobile-disabled=\"false\" class=\"elementor-element elementor-element-83924fc e-con-full e-flex e-con e-child\" data-id=\"83924fc\" data-element_type=\"container\" data-e-type=\"container\">\n\t\t\t\t<div class=\"elementor-element elementor-element-3b5b2f6 elementor-widget elementor-widget-heading\" data-id=\"3b5b2f6\" data-element_type=\"widget\" data-e-type=\"widget\" data-widget_type=\"heading.default\">\n\t\t\t\t<div class=\"elementor-widget-container\">\n\t\t\t\t\t<p class=\"elementor-heading-title elementor-size-default\"><span class=\"black\">Les Plats du Chef ULC<\/span><\/p>\t\t\t\t<\/div>\n\t\t\t\t<\/div>\n\t\t\t\t<div class=\"elementor-element elementor-element-e2cb5ca text-link-green elementor-icon-list--layout-traditional elementor-list-item-link-full_width elementor-widget elementor-widget-icon-list\" data-id=\"e2cb5ca\" data-element_type=\"widget\" data-e-type=\"widget\" data-widget_type=\"icon-list.default\">\n\t\t\t\t<div class=\"elementor-widget-container\">\n\t\t\t\t\t\t\t<ul class=\"elementor-icon-list-items\">\n\t\t\t\t\t\t\t<li class=\"elementor-icon-list-item\">\n\t\t\t\t\t\t\t\t\t\t\t<span class=\"elementor-icon-list-icon\">\n\t\t\t\t\t\t\t<svg aria-hidden=\"true\" class=\"e-font-icon-svg e-fas-map-marker-alt\" viewBox=\"0 0 384 512\" xmlns=\"http:\/\/www.w3.org\/2000\/svg\"><path d=\"M172.268 501.67C26.97 291.031 0 269.413 0 192 0 85.961 85.961 0 192 0s192 85.961 192 192c0 77.413-26.97 99.031-172.268 309.67-9.535 13.774-29.93 13.773-39.464 0zM192 272c44.183 0 80-35.817 80-80s-35.817-80-80-80-80 35.817-80 80 35.817 80 80 80z\"><\/path><\/svg>\t\t\t\t\t\t<\/span>\n\t\t\t\t\t\t\t\t\t\t<span class=\"elementor-icon-list-text\">51 rue Kesmark <br \/>Dollard-des-Ormeaux <br \/>Quebec, Canada H9B 3J1<\/span>\n\t\t\t\t\t\t\t\t\t<\/li>\n\t\t\t\t\t\t\t\t<li class=\"elementor-icon-list-item\">\n\t\t\t\t\t\t\t\t\t\t\t<a href=\"tel:+18005317912\">\n\n\t\t\t\t\t\t\t\t\t\t\t\t<span class=\"elementor-icon-list-icon\">\n\t\t\t\t\t\t\t<svg aria-hidden=\"true\" class=\"e-font-icon-svg e-fas-phone-alt\" viewBox=\"0 0 512 512\" xmlns=\"http:\/\/www.w3.org\/2000\/svg\"><path d=\"M497.39 361.8l-112-48a24 24 0 0 0-28 6.9l-49.6 60.6A370.66 370.66 0 0 1 130.6 204.11l60.6-49.6a23.94 23.94 0 0 0 6.9-28l-48-112A24.16 24.16 0 0 0 122.6.61l-104 24A24 24 0 0 0 0 48c0 256.5 207.9 464 464 464a24 24 0 0 0 23.4-18.6l24-104a24.29 24.29 0 0 0-14.01-27.6z\"><\/path><\/svg>\t\t\t\t\t\t<\/span>\n\t\t\t\t\t\t\t\t\t\t<span class=\"elementor-icon-list-text\">(800) 531-7912<\/span>\n\t\t\t\t\t\t\t\t\t\t\t<\/a>\n\t\t\t\t\t\t\t\t\t<\/li>\n\t\t\t\t\t\t<\/ul>\n\t\t\t\t\t\t<\/div>\n\t\t\t\t<\/div>\n\t\t\t\t<\/div>\n\t\t<div data-particle_enable=\"false\" data-particle-mobile-disabled=\"false\" class=\"elementor-element elementor-element-7a878cb e-con-full e-flex e-con e-child\" data-id=\"7a878cb\" data-element_type=\"container\" data-e-type=\"container\">\n\t\t\t\t<div class=\"elementor-element elementor-element-204d33d frm-contact-form elementor-widget elementor-widget-shortcode\" data-id=\"204d33d\" data-element_type=\"widget\" data-e-type=\"widget\" data-no-translation=\"\" data-widget_type=\"shortcode.default\">\n\t\t\t\t<div class=\"elementor-widget-container\">\n\t\t\t\t\t<style>.elementor-element-204d33d{display:none !important}<\/style>\t\t\t\t<\/div>\n\t\t\t\t<\/div>\n\t\t\t\t<div class=\"elementor-element elementor-element-1606c8c frm-contact-form elementor-widget elementor-widget-shortcode\" data-id=\"1606c8c\" data-element_type=\"widget\" data-e-type=\"widget\" data-no-translation=\"\" data-widget_type=\"shortcode.default\">\n\t\t\t\t<div class=\"elementor-widget-container\">\n\t\t\t\t\t<style>.elementor-element-1606c8c{display:none !important}<\/style>\t\t\t\t<\/div>\n\t\t\t\t<\/div>\n\t\t\t\t<div class=\"elementor-element elementor-element-40c6aa1 frm-contact-form elementor-widget elementor-widget-shortcode\" data-id=\"40c6aa1\" data-element_type=\"widget\" data-e-type=\"widget\" data-no-translation=\"\" data-widget_type=\"shortcode.default\">\n\t\t\t\t<div class=\"elementor-widget-container\">\n\t\t\t\t\t\t\t<div class=\"elementor-shortcode\"><div class=\"frm_forms  with_frm_style frm_style_formidable-style\" id=\"frm_form_4_container\" >\n<form enctype=\"multipart\/form-data\" method=\"post\" class=\"frm-show-form  frm_pro_form \" id=\"form_contact-form-fr\" >\n<div class=\"frm_form_fields \">\n<fieldset>\n<legend class=\"frm_screen_reader\">Contact Form FR<\/legend>\r\n\r\n<div class=\"frm_fields_container\">\n<input type=\"hidden\" name=\"frm_action\" value=\"create\" \/>\n<input type=\"hidden\" name=\"form_id\" value=\"4\" \/>\n<input type=\"hidden\" name=\"frm_hide_fields_4\" id=\"frm_hide_fields_4\" value=\"\" \/>\n<input type=\"hidden\" name=\"form_key\" value=\"contact-form-fr\" \/>\n<input type=\"hidden\" name=\"item_meta[0]\" value=\"\" \/>\n<input type=\"hidden\" id=\"frm_submit_entry_4\" name=\"frm_submit_entry_4\" value=\"49aecab459\" \/><input type=\"hidden\" name=\"_wp_http_referer\" value=\"\/fr-ca\/wp-json\/wp\/v2\/pages\/31\" \/><div id=\"frm_field_18_container\" class=\"frm_form_field form-field  frm_required_field frm_top_container frm_first frm_half\">\r\n    <label for=\"field_qh4icy3\" id=\"field_qh4icy3_label\" class=\"frm_primary_label\">Nom\r\n        <span class=\"frm_required\" aria-hidden=\"true\">*<\/span>\r\n    <\/label>\r\n    <input  type=\"text\" id=\"field_qh4icy3\" name=\"item_meta[18]\" value=\"\"  data-reqmsg=\"Nom cannot be blank.\" aria-required=\"true\" data-invmsg=\"Name is invalid\" aria-invalid=\"false\"   aria-describedby=\"frm_desc_field_qh4icy3\" \/>\r\n    <div class=\"frm_description\" id=\"frm_desc_field_qh4icy3\">Nom<\/div>\r\n    \r\n<\/div>\n<div id=\"frm_field_19_container\" class=\"frm_form_field form-field  frm_required_field frm_hidden_container frm_half\">\r\n    <label for=\"field_ocfup13\" id=\"field_ocfup13_label\" class=\"frm_primary_label\">Pr\u00e9nom\r\n        <span class=\"frm_required\" aria-hidden=\"true\">*<\/span>\r\n    <\/label>\r\n    <input  type=\"text\" id=\"field_ocfup13\" name=\"item_meta[19]\" value=\"\"  data-reqmsg=\"Pr\u00e9nom cannot be blank.\" aria-required=\"true\" data-invmsg=\"Last is invalid\" aria-invalid=\"false\"   aria-describedby=\"frm_desc_field_ocfup13\" \/>\r\n    <div class=\"frm_description\" id=\"frm_desc_field_ocfup13\">Pr\u00e9nom<\/div>\r\n    \r\n<\/div>\n<div id=\"frm_field_20_container\" class=\"frm_form_field form-field  frm_required_field frm_top_container frm6 frm_first\">\r\n    <label for=\"field_29yf4d3\" id=\"field_29yf4d3_label\" class=\"frm_primary_label\">Courriel\r\n        <span class=\"frm_required\" aria-hidden=\"true\">*<\/span>\r\n    <\/label>\r\n    <input type=\"email\" id=\"field_29yf4d3\" name=\"item_meta[20]\" value=\"\"  data-reqmsg=\"Courriel cannot be blank.\" aria-required=\"true\" data-invmsg=\"Please enter a valid email address\" aria-invalid=\"false\"  \/>\r\n    \r\n    \r\n<\/div>\n<div id=\"frm_field_21_container\" class=\"frm_form_field form-field  frm_required_field frm_top_container frm6\">\r\n    <label for=\"field_gsuss3\" id=\"field_gsuss3_label\" class=\"frm_primary_label\">Province\/territoire\r\n        <span class=\"frm_required\" aria-hidden=\"true\">*<\/span>\r\n    <\/label>\r\n    \t\t<select name=\"item_meta[21]\" id=\"field_gsuss3\"  data-frmval=\"S\u00e9lectionnez votre province\" data-reqmsg=\"Province\/territoire cannot be blank.\" aria-required=\"true\" data-invmsg=\"Province\/territoire is invalid\" aria-invalid=\"false\"  >\n\t\t<option  value=\"S\u00e9lectionnez votre province\" selected='selected'>S\u00e9lectionnez votre province<\/option><option  value=\"Alberta\">Alberta<\/option><option  value=\"Colombie-Britannique\">Colombie-Britannique<\/option><option  value=\"Manitoba\">Manitoba<\/option><option  value=\"Nouveau-Brunswick\">Nouveau-Brunswick<\/option><option  value=\"Terre-Neuve-et-Labrador\">Terre-Neuve-et-Labrador<\/option><option  value=\"Territoires du Nord-Ouest\">Territoires du Nord-Ouest<\/option><option  value=\"Nouvelle-\u00c9cosse\">Nouvelle-\u00c9cosse<\/option><option  value=\"Nunavut\">Nunavut<\/option><option  value=\"Ontario\">Ontario<\/option><option  value=\"\u00cele-du-Prince-\u00c9douard\">\u00cele-du-Prince-\u00c9douard<\/option><option  value=\"Qu\u00e9bec\">Qu\u00e9bec<\/option><option  value=\"Saskatchewan\">Saskatchewan<\/option><option  value=\"Yukon\">Yukon<\/option>\t<\/select>\n\t\r\n    \r\n    \r\n<\/div>\n<div id=\"frm_field_32_container\" class=\"frm_form_field form-field  frm_required_field frm_top_container\">\r\n\t<label for=\"field_ppiw3\" id=\"field_ppiw3_label\" class=\"frm_primary_label\">Sujet d'enqu\u00eate\r\n\t\t<span class=\"frm_required\" aria-hidden=\"true\">*<\/span>\r\n\t<\/label>\r\n\t\t\t<select name=\"item_meta[32]\" id=\"field_ppiw3\"  data-frmval=\"S\u00e9lectionnez votre sujet\" data-reqmsg=\"Sujet d&#039;enqu\u00eate cannot be blank.\" aria-required=\"true\" data-invmsg=\"Sujet d&#039;enqu\u00eate is invalid\" aria-invalid=\"false\"  >\n\t\t<option  value=\"S\u00e9lectionnez votre sujet\" selected='selected'>S\u00e9lectionnez votre sujet<\/option><option  value=\"O\u00f9 trouver un produit ?\">O\u00f9 trouver un produit ?<\/option><option  value=\"Probl\u00e8me avec un produit\">Probl\u00e8me avec un produit<\/option><option  value=\"Question sur les ingr\u00e9dients\">Question sur les ingr\u00e9dients<\/option><option  value=\"Questions sur les allerg\u00e8nes\">Questions sur les allerg\u00e8nes<\/option><option  value=\"R\u00e9troaction et suggestions\">R\u00e9troaction et suggestions<\/option><option  value=\"Partenariat et collaboration\">Partenariat et collaboration<\/option><option  value=\"G\u00e9n\u00e9ral et autre\">G\u00e9n\u00e9ral et autre<\/option>\t<\/select>\n\t\r\n\t\r\n\t\r\n<\/div>\n<div id=\"frm_field_33_container\" class=\"frm_form_field form-field  frm_required_field frm_top_container\">\r\n\t<label for=\"field_27rca\" id=\"field_27rca_label\" class=\"frm_primary_label\">Produit\r\n\t\t<span class=\"frm_required\" aria-hidden=\"true\">*<\/span>\r\n\t<\/label>\r\n\t\t\t<select name=\"item_meta[33]\" id=\"field_27rca\"  data-frmval=\"Choisissez un produit\" data-reqmsg=\"Produit cannot be blank.\" aria-required=\"true\" data-invmsg=\"Produit is invalid\" aria-invalid=\"false\"  >\n\t\t<option  value=\"Choisissez un produit\" selected='selected'>Choisissez un produit<\/option><option  value=\"Fl\u00fbtes aux Artichauts et au Parmesan\">Fl\u00fbtes aux Artichauts et au Parmesan<\/option><option  value=\"Boeuf et Fromage Roul\u00e9s de Tacos\">Boeuf et Fromage Roul\u00e9s de Tacos<\/option><option  value=\"Soupe au Brocoli et au Cheddar\">Soupe au Brocoli et au Cheddar<\/option><option  value=\"Mini Feuillet\u00e9s au Fromage\">Mini Feuillet\u00e9s au Fromage<\/option><option  value=\"Feuillet\u00e9s aux Canneberges et au Brie\">Feuillet\u00e9s aux Canneberges et au Brie<\/option><option  value=\"Saucisses Feuillet\u00e9es\">Saucisses Feuillet\u00e9es<\/option><option  value=\"Soupe \u00e0 L&#039;oignon Gratin\u00e9e\">Soupe \u00e0 L&#039;oignon Gratin\u00e9e<\/option><option  value=\"Soupe de pommes de terre garnie\">Soupe de pommes de terre garnie<\/option><option  value=\"Mini Quiche Duo\">Mini Quiche Duo<\/option><option  value=\"Mini Saucisses\">Mini Saucisses<\/option><option  value=\"Bouch\u00e9es de p\u00e2te feuillet\u00e9e\">Bouch\u00e9es de p\u00e2te feuillet\u00e9e<\/option><option  value=\"Spanakopita\">Spanakopita<\/option><option  value=\"Trempette aux \u00e9pinards et aux artichauts\">Trempette aux \u00e9pinards et aux artichauts<\/option>\t<\/select>\n\t\r\n\t\r\n\t\r\n<\/div>\n<div id=\"frm_field_23_container\" class=\"frm_form_field form-field  frm_required_field frm_top_container frm_full\">\r\n    <label for=\"field_9jv0r13\" id=\"field_9jv0r13_label\" class=\"frm_primary_label\">Message\r\n        <span class=\"frm_required\" aria-hidden=\"true\">*<\/span>\r\n    <\/label>\r\n    <textarea name=\"item_meta[23]\" id=\"field_9jv0r13\" rows=\"5\"  data-reqmsg=\"Message cannot be blank.\" aria-required=\"true\" data-invmsg=\"Message is invalid\" aria-invalid=\"false\"  ><\/textarea>\r\n    \r\n    \r\n<\/div>\n<div id=\"frm_field_36_container\" class=\"frm_form_field form-field  frm_top_container\">\r\n\t<label for=\"field_krbqo\" id=\"field_krbqo_label\" class=\"frm_primary_label\">T\u00e9l\u00e9chargement d'image de produit\r\n\t\t<span class=\"frm_required\" aria-hidden=\"true\"><\/span>\r\n\t<\/label>\r\n\t<input type=\"hidden\"  data-invmsg=\"T\u00e9l\u00e9chargement d&#039;image de produit is invalid\" class=\"auto_width\" aria-invalid=\"false\"   name=\"item_meta[36]\"  value=\"\" data-frmfile=\"36\" \/>\n\n<div class=\"frm_dropzone frm_single_upload frm_clearfix\" id=\"file36_dropzone\" role=\"group\" >\n\t<div class=\"fallback\">\n\t\t<input type=\"file\" name=\"file36\" id=\"field_krbqo\"\n\t\t\t data-invmsg=\"T\u00e9l\u00e9chargement d&#039;image de produit is invalid\" class=\"auto_width\" aria-invalid=\"false\"  \t\t\t\/>\n\t\t\t\t<div class=\"frm_clearfix \"><\/div>\n\t<\/div>\n\t<div class=\"dz-message needsclick\">\n\t\t\t\t<svg  viewBox=\"0 0 18 18\" class=\"frmsvg frm-svg-icon\">\n\t<path viewBox=\"0 0 18 18\" fill-rule=\"evenodd\" clip-rule=\"evenodd\" d=\"M8.2 4v8a.8.8 0 001.5 0V4l2.1 2.2A.7.7 0 1013 5L9.5 1.7a.7.7 0 00-1.1 0L5.1 5.2a.8.8 0 001 1l2.1-2zm7.6 4.3c.4 0 .7.3.7.7v6.8c0 .4-.3.7-.8.7H2.3a.8.8 0 01-.8-.8V9A.8.8 0 013 9v6h12V9c0-.4.3-.8.8-.8z\"><\/path>\n<\/svg>\t\t<span class=\"frm_upload_text\"><button type=\"button\" aria-label=\"T\u00e9l\u00e9chargement d&#039;image de produit. D\u00e9posez un fichier ici ou cliquez pour t\u00e9l\u00e9charger. Maximum file size: 104.86MB\">D\u00e9posez un fichier ici ou cliquez pour t\u00e9l\u00e9charger<\/button><\/span>\n\t\t<span class=\"frm_compact_text\"><button type=\"button\" aria-label=\"T\u00e9l\u00e9chargement d&#039;image de produit. Choisir le fichier. Maximum file size: 104.86MB\">Choisir le fichier<\/button><\/span>\n\t\t<div class=\"frm_small_text\">\n\t\t\t<p>Maximum file size: 104.86MB<\/p>\n\t\t<\/div>\n\t<\/div>\n<\/div>\n\t\r\n\t\r\n\t\r\n<\/div>\n<div id=\"frm_field_38_container\" class=\"frm_form_field form-field  frm_none_container\">\r\n\t<label for=\"cf-turnstile-response\" id=\"field_zkkda_label\" class=\"frm_primary_label\">Captcha\r\n\t\t<span class=\"frm_required\" aria-hidden=\"true\"><\/span>\r\n\t<\/label>\r\n\t<div  id=\"field_zkkda\" class=\"frm-cf-turnstile\" data-sitekey=\"0x4AAAAAAAxIpITu9jOLT-zE\" data-language=\"fr-CA\" data-size=\"normal\" data-theme=\"light\"><\/div>\r\n\t\r\n\t\r\n<\/div>\n<div id=\"frm_field_31_container\" class=\"frm_form_field form-field \">\r\n\t<div class=\"frm_submit\">\r\n\r\n<button class=\"frm_button_submit frm_final_submit\" type=\"submit\"   formnovalidate=\"formnovalidate\">Envoyer<\/button>\r\n\r\n\r\n<\/div>\r\n<\/div>\n\t<input type=\"hidden\" name=\"item_key\" value=\"\" \/>\n\t\t\t<div id=\"frm_field_44_container\">\n\t\t\t<label for=\"field_1pyg3\" >\n\t\t\t\tIf you are human, leave this field blank.\t\t\t<\/label>\n\t\t\t<input  id=\"field_1pyg3\" type=\"text\" class=\"frm_form_field form-field frm_verify\" name=\"item_meta[44]\" value=\"\"  \/>\n\t\t<\/div>\n\t\t<input name=\"frm_state\" type=\"hidden\" value=\"sJNSP5yqMyJoSyLwr7Y1L4x4JHOLH6lADmPYTdvHGibbavJtcImuddERsdAJnVFh\" \/><\/div>\n<\/fieldset>\n<\/div>\n\n<\/form>\n<\/div>\n<\/div>\n\t\t\t\t\t\t<\/div>\n\t\t\t\t<\/div>\n\t\t\t\t<\/div>\n\t\t\t\t\t<\/div>\n\t\t\t\t<\/div>\n\t\t<div data-particle_enable=\"false\" data-particle-mobile-disabled=\"false\" class=\"elementor-element elementor-element-eec584c e-con-full e-flex e-con e-parent\" data-id=\"eec584c\" data-element_type=\"container\" data-e-type=\"container\">\n\t\t\t\t<div class=\"elementor-element elementor-element-47d6558 underline elementor-widget elementor-widget-heading\" data-id=\"47d6558\" data-element_type=\"widget\" data-e-type=\"widget\" data-widget_type=\"heading.default\">\n\t\t\t\t<div class=\"elementor-widget-container\">\n\t\t\t\t\t<h2 class=\"elementor-heading-title elementor-size-default\"><span class=\"black\">Looking for a <\/span>Culinary Career?<\/h2>\t\t\t\t<\/div>\n\t\t\t\t<\/div>\n\t\t\t\t<\/div>\n\t\t<div data-particle_enable=\"false\" data-particle-mobile-disabled=\"false\" class=\"elementor-element elementor-element-0d5a335 e-flex e-con-boxed e-con e-parent\" data-id=\"0d5a335\" data-element_type=\"container\" data-e-type=\"container\">\n\t\t\t\t\t<div class=\"e-con-inner\">\n\t\t<div data-particle_enable=\"false\" data-particle-mobile-disabled=\"false\" class=\"elementor-element elementor-element-b1bf10e e-con-full e-flex e-con e-child\" data-id=\"b1bf10e\" data-element_type=\"container\" data-e-type=\"container\">\n\t\t\t\t<div class=\"elementor-element elementor-element-0ec81dd elementor-widget elementor-widget-heading\" data-id=\"0ec81dd\" data-element_type=\"widget\" data-e-type=\"widget\" data-widget_type=\"heading.default\">\n\t\t\t\t<div class=\"elementor-widget-container\">\n\t\t\t\t\t<p class=\"elementor-heading-title elementor-size-default\"><span class=\"black\">Careers<\/span><\/p>\t\t\t\t<\/div>\n\t\t\t\t<\/div>\n\t\t\t\t<div class=\"elementor-element elementor-element-40341ab elementor-widget elementor-widget-text-editor\" data-id=\"40341ab\" data-element_type=\"widget\" data-e-type=\"widget\" data-widget_type=\"text-editor.default\">\n\t\t\t\t<div class=\"elementor-widget-container\">\n\t\t\t\t\t\t\t\t\t<p>We are always looking for food lovers to join our passionate team.<\/p>\t\t\t\t\t\t\t\t<\/div>\n\t\t\t\t<\/div>\n\t\t\t\t<div class=\"elementor-element elementor-element-c5e0fdf elementor-tablet-align-center elementor-widget elementor-widget-button\" data-id=\"c5e0fdf\" data-element_type=\"widget\" data-e-type=\"widget\" data-widget_type=\"button.default\">\n\t\t\t\t<div class=\"elementor-widget-container\">\n\t\t\t\t\t\t\t\t\t<div class=\"elementor-button-wrapper\">\n\t\t\t\t\t<a class=\"elementor-button elementor-button-link elementor-size-md\" href=\"https:\/\/chg.wd5.myworkdayjobs.com\/en-US\/US_External_Career_Site\" target=\"_blank\" rel=\"noopener\">\n\t\t\t\t\t\t<span class=\"elementor-button-content-wrapper\">\n\t\t\t\t\t\t\t\t\t<span class=\"elementor-button-text\">Find Your Next Career<\/span>\n\t\t\t\t\t<\/span>\n\t\t\t\t\t<\/a>\n\t\t\t\t<\/div>\n\t\t\t\t\t\t\t\t<\/div>\n\t\t\t\t<\/div>\n\t\t\t\t<\/div>\n\t\t<div data-particle_enable=\"false\" data-particle-mobile-disabled=\"false\" class=\"elementor-element elementor-element-3c3c771 e-con-full e-flex e-con e-child\" data-id=\"3c3c771\" data-element_type=\"container\" data-e-type=\"container\">\n\t\t\t\t<div class=\"elementor-element elementor-element-1869c47 elementor-widget elementor-widget-image\" data-id=\"1869c47\" data-element_type=\"widget\" data-e-type=\"widget\" data-widget_type=\"image.default\">\n\t\t\t\t<div class=\"elementor-widget-container\">\n\t\t\t\t\t\t\t\t\t\t\t\t\t\t\t<img fetchpriority=\"high\" decoding=\"async\" width=\"539\" height=\"539\" src=\"https:\/\/cuisineadventuresfoods.com\/wp-content\/uploads\/2024\/07\/head-office.jpg\" class=\"attachment-large size-large wp-image-15172\" alt=\"\" srcset=\"https:\/\/cuisineadventuresfoods.com\/wp-content\/uploads\/2024\/07\/head-office.jpg 539w, https:\/\/cuisineadventuresfoods.com\/wp-content\/uploads\/2024\/07\/head-office-300x300.jpg 300w, https:\/\/cuisineadventuresfoods.com\/wp-content\/uploads\/2024\/07\/head-office-150x150.jpg 150w, https:\/\/cuisineadventuresfoods.com\/wp-content\/uploads\/2024\/07\/head-office-12x12.jpg 12w\" sizes=\"(max-width: 539px) 100vw, 539px\" \/>\t\t\t\t\t\t\t\t\t\t\t\t\t\t\t<\/div>\n\t\t\t\t<\/div>\n\t\t\t\t<\/div>\n\t\t\t\t\t<\/div>\n\t\t\t\t<\/div>\n\t\t\t\t<\/div>\n\t\t","protected":false},"excerpt":{"rendered":"<p>Get In Touch Got Questions Or Praise? We&#8217;d love to hear from you.Please fill out the form below. Les Plats du Chef ULC 51 rue Kesmark Dollard-des-Ormeaux Quebec, Canada H9B 3J1 (800) 531-7912 Looking for a Culinary Career? Careers We are always looking for food lovers to join our passionate team. Find Your Next Career<\/p>","protected":false},"author":2,"featured_media":0,"parent":0,"menu_order":0,"comment_status":"closed","ping_status":"closed","template":"","meta":{"site-sidebar-layout":"no-sidebar","site-content-layout":"","ast-site-content-layout":"full-width-container","site-content-style":"default","site-sidebar-style":"default","ast-global-header-display":"","ast-banner-title-visibility":"","ast-main-header-display":"","ast-hfb-above-header-display":"","ast-hfb-below-header-display":"","ast-hfb-mobile-header-display":"","site-post-title":"disabled","ast-breadcrumbs-content":"","ast-featured-img":"disabled","footer-sml-layout":"","ast-disable-related-posts":"","theme-transparent-header-meta":"","adv-header-id-meta":"","stick-header-meta":"","header-above-stick-meta":"","header-main-stick-meta":"","header-below-stick-meta":"","astra-migrate-meta-layouts":"default","ast-page-background-enabled":"default","ast-page-background-meta":{"desktop":{"background-color":"var(--ast-global-color-4)","background-image":"","background-repeat":"repeat","background-position":"center center","background-size":"auto","background-attachment":"scroll","background-type":"","background-media":"","overlay-type":"","overlay-color":"","overlay-opacity":"","overlay-gradient":""},"tablet":{"background-color":"","background-image":"","background-repeat":"repeat","background-position":"center center","background-size":"auto","background-attachment":"scroll","background-type":"","background-media":"","overlay-type":"","overlay-color":"","overlay-opacity":"","overlay-gradient":""},"mobile":{"background-color":"","background-image":"","background-repeat":"repeat","background-position":"center center","background-size":"auto","background-attachment":"scroll","background-type":"","background-media":"","overlay-type":"","overlay-color":"","overlay-opacity":"","overlay-gradient":""}},"ast-content-background-meta":{"desktop":{"background-color":"var(--ast-global-color-5)","background-image":"","background-repeat":"repeat","background-position":"center center","background-size":"auto","background-attachment":"scroll","background-type":"","background-media":"","overlay-type":"","overlay-color":"","overlay-opacity":"","overlay-gradient":""},"tablet":{"background-color":"var(--ast-global-color-5)","background-image":"","background-repeat":"repeat","background-position":"center center","background-size":"auto","background-attachment":"scroll","background-type":"","background-media":"","overlay-type":"","overlay-color":"","overlay-opacity":"","overlay-gradient":""},"mobile":{"background-color":"var(--ast-global-color-5)","background-image":"","background-repeat":"repeat","background-position":"center center","background-size":"auto","background-attachment":"scroll","background-type":"","background-media":"","overlay-type":"","overlay-color":"","overlay-opacity":"","overlay-gradient":""}},"footnotes":""},"class_list":["post-31","page","type-page","status-publish","hentry"],"_links":{"self":[{"href":"https:\/\/cuisineadventuresfoods.com\/fr-ca\/wp-json\/wp\/v2\/pages\/31","targetHints":{"allow":["GET"]}}],"collection":[{"href":"https:\/\/cuisineadventuresfoods.com\/fr-ca\/wp-json\/wp\/v2\/pages"}],"about":[{"href":"https:\/\/cuisineadventuresfoods.com\/fr-ca\/wp-json\/wp\/v2\/types\/page"}],"author":[{"embeddable":true,"href":"https:\/\/cuisineadventuresfoods.com\/fr-ca\/wp-json\/wp\/v2\/users\/2"}],"replies":[{"embeddable":true,"href":"https:\/\/cuisineadventuresfoods.com\/fr-ca\/wp-json\/wp\/v2\/comments?post=31"}],"version-history":[{"count":3,"href":"https:\/\/cuisineadventuresfoods.com\/fr-ca\/wp-json\/wp\/v2\/pages\/31\/revisions"}],"predecessor-version":[{"id":15825,"href":"https:\/\/cuisineadventuresfoods.com\/fr-ca\/wp-json\/wp\/v2\/pages\/31\/revisions\/15825"}],"wp:attachment":[{"href":"https:\/\/cuisineadventuresfoods.com\/fr-ca\/wp-json\/wp\/v2\/media?parent=31"}],"curies":[{"name":"wp","href":"https:\/\/api.w.org\/{rel}","templated":true}]}}